{"id":249706,"date":"2022-10-13T12:42:05","date_gmt":"2022-10-13T11:42:05","guid":{"rendered":"https:\/\/www.imep.pro\/string-summer-workshop\/"},"modified":"2025-12-03T13:23:40","modified_gmt":"2025-12-03T12:23:40","slug":"string-summer-workshop","status":"publish","type":"page","link":"https:\/\/www.imep.pro\/en\/extra-curriculum-and-summer-courses\/string-summer-workshop\/","title":{"rendered":"String Summer workshop"},"content":{"rendered":"<p>[et_pb_section fb_built=&#8221;1&#8243; _builder_version=&#8221;4.17.4&#8243; _dynamic_attributes=&#8221;background_image&#8221; _module_preset=&#8221;default&#8221; background_color=&#8221;rgba(0,0,0,0.6)&#8221; background_image=&#8221;@ET-DC@eyJkeW5hbWljIjp0cnVlLCJjb250ZW50IjoicG9zdF9mZWF0dXJlZF9pbWFnZSIsInNldHRpbmdzIjp7fX0=@&#8221; background_blend=&#8221;darken&#8221; custom_padding=&#8221;180px||180px||false|false&#8221; locked=&#8221;off&#8221; global_colors_info=&#8221;{}&#8221;][et_pb_row _builder_version=&#8221;4.17.4&#8243; _module_preset=&#8221;default&#8221; global_colors_info=&#8221;{}&#8221;][et_pb_column type=&#8221;4_4&#8243; _builder_version=&#8221;4.17.4&#8243; _module_preset=&#8221;default&#8221; global_colors_info=&#8221;{}&#8221;][et_pb_text _builder_version=&#8221;4.18.0&#8243; _module_preset=&#8221;default&#8221; text_text_color=&#8221;#ee7f00&#8243; header_font=&#8221;|300||on|||||&#8221; header_text_color=&#8221;#FFFFFF&#8221; header_font_size=&#8221;41px&#8221; background_enable_image=&#8221;off&#8221; global_colors_info=&#8221;{}&#8221;]<\/p>\n<h1 class=\"titre\" style=\"text-align: center;\">EXTRA CURRICULUM AND SUMMER COURSES<br \/>\n<img loading=\"lazy\" decoding=\"async\" src=\"https:\/\/www.imep.pro\/wordpress\/wp-content\/uploads\/2016\/01\/tileFINAL_short-35.png\" width=\"100\" height=\"4\" alt=\"\" class=\"wp-image-247035 alignnone size-full\"><\/a><\/h1>\n<p>[\/et_pb_text][\/et_pb_column][\/et_pb_row][\/et_pb_section][et_pb_section fb_built=&#8221;1&#8243; admin_label=&#8221;CUSTOM TABS LAYOUT === 03&#8243; _builder_version=&#8221;4.17.4&#8243; _module_preset=&#8221;default&#8221; custom_padding=&#8221;51px||51px||true|false&#8221; global_colors_info=&#8221;{}&#8221;][et_pb_row column_structure=&#8221;1_2,1_2&#8243; use_custom_gutter=&#8221;on&#8221; gutter_width=&#8221;2&#8243; make_equal=&#8221;on&#8221; _builder_version=&#8221;4.16&#8243; _module_preset=&#8221;default&#8221; width=&#8221;90%&#8221; width_tablet=&#8221;&#8221; width_phone=&#8221;90%&#8221; width_last_edited=&#8221;on|desktop&#8221; max_width=&#8221;1200px&#8221; max_width_tablet=&#8221;&#8221; max_width_phone=&#8221;90%&#8221; max_width_last_edited=&#8221;on|phone&#8221; custom_padding=&#8221;20px||20px||true|false&#8221; global_colors_info=&#8221;{}&#8221;][et_pb_column type=&#8221;1_2&#8243; _builder_version=&#8221;4.16&#8243; _module_preset=&#8221;default&#8221; global_colors_info=&#8221;{}&#8221;][et_pb_text _builder_version=&#8221;4.24.0&#8243; _module_preset=&#8221;default&#8221; text_font=&#8221;|300|||||||&#8221; header_2_font_size=&#8221;50px&#8221; header_3_font_size=&#8221;36px&#8221; header_5_font=&#8221;|300||on|||||&#8221; global_colors_info=&#8221;{}&#8221;]<\/p>\n<h5 class=\"p1\">String Summer Workshop <strong><\/strong><\/h5>\n<p><img loading=\"lazy\" decoding=\"async\" src=\"https:\/\/www.imep.pro\/wordpress\/wp-content\/uploads\/2016\/01\/tileFINAL_short-35.png\" width=\"100\" height=\"4\" alt=\"\" class=\"wp-image-247035 alignnone size-full\"><\/p>\n<p>Every year in July, IMEP &#8211; Paris College of Music organises a course for all string instruments: guitar, bass, double bass, violin, cello, oud.<\/p>\n<p><strong>Dates and times<\/strong>: from Monday 30 June to Friday 4 July 2025. From 10am to 12.30pm and from 2pm to 4.30pm.<\/p>\n<p><strong>Intended audience:<\/strong> the course is aimed at musicians from 15 years of age, with at least 4 years of instrumental practice. The number of places is limited to a maximum of 20 trainees. The course will take place with a minimum of 6 trainees.<\/p>\n<p><strong>Programme:<\/strong> the content of the course is adapted to each group according to the level and needs of the trainees.<\/p>\n<ul>\n<li>Study of styles: knowing different ways of accompanying a soloist, in different styles (jazz, blues, funk, rock&#8230;), knowing how to present a theme, finding the right intention.<\/li>\n<li>Improvisation: basic techniques: scales, modes, arpeggios, level 1 phrases, walking bass, rhythmic patterns&#8230; More advanced techniques: triads, superstructures, bebop phrases&#8230;<\/li>\n<li>Arrangement: how to arrange a piece, how to present your project to a rhythm section clearly and concisely, how to build an introduction or coda that works.<\/li>\n<li>Conclusion of the course: on the last day, the trainees perform a &#8220;live&#8221; performance which is recorded using the semi-professional technical equipment of IMEP &#8211; Paris College of Music. Each participant receives a mixed version of this performance a few days after the end of the course.<\/li>\n<\/ul>\n<p><strong>Professeurs : <\/strong>le stage est anim\u00e9 par <a href=\"https:\/\/www.imep.pro\/en\/about\/faculty\/damien-ropars\/\" target=\"_blank\" rel=\"noopener\">Damien Ropars, <\/a>professeur \u00e0 l\u2019IMEP \u2022 Paris College of Music depuis plus de 10 ans, et co-responsables du <a href=\"https:\/\/www.imep.pro\/en\/introduction-open-program\/\" target=\"_blank\" rel=\"noopener\">Cycle Libre<\/a> de l&#8217;\u00e9cole, et Cyprien Allard, ancien \u00e9l\u00e8ve guitariste de l&#8217;IMEP. <\/p>\n<p><strong>Organisation:<\/strong> trainees are grouped according to their level. The mornings are devoted to theoretical points and to the development of methodological issues in order to progress. In the afternoons, trainees are divided into smaller groups to collectively prepare practical exercises.<\/p>\n<p>The school&#8217;s equipment (amplifiers, microphones, pianos&#8230;) is at the disposal of the trainees who only need to bring their instrument in working order and some notes. Teaching materials are provided.<\/p>\n<p>The course is conducted in French, but the teachers are able to assist foreign students who speak English.<\/p>\n<p><strong>Price:<\/strong> 450 euros (25h course, equipment and recording).<\/p>\n<p><strong>Information and registration:<\/strong> <span>To register, please download the document and send it back to us at mail<\/span> <a href=\"mailto:info@imep.pro\">info@imep.pro.<\/a><\/p>\n<p>[\/et_pb_text][et_pb_button button_url=&#8221;https:\/\/www.dropbox.com\/scl\/fi\/2vzog8iljo7ela862jzzn\/Inscription-Strings-Summer-Workshop-2025.pdf?rlkey=vgcsji8g7iu4vssfpozl22rlv&amp;st=205ojl1w&amp;dl=0&#8243; url_new_window=&#8221;on&#8221; button_text=&#8221;Summer string workshop registration&#8221; _builder_version=&#8221;4.27.4&#8243; _module_preset=&#8221;default&#8221; custom_button=&#8221;on&#8221; button_text_color=&#8221;#ee7f00&#8243; button_bg_color=&#8221;RGBA(255,255,255,0)&#8221; button_font=&#8221;|300||on|||||&#8221; button_use_icon=&#8221;off&#8221; custom_padding=&#8221;0px||0px||false|false&#8221; locked=&#8221;off&#8221; global_colors_info=&#8221;{}&#8221; button_text_color__hover_enabled=&#8221;off|desktop&#8221; button_text_color__hover=&#8221;#ffffff&#8221; button_bg_color__hover_enabled=&#8221;off|hover&#8221; button_bg_color__hover=&#8221;#EE7F00&#8243; button_bg_enable_color__hover=&#8221;on&#8221;][\/et_pb_button][\/et_pb_column][et_pb_column type=&#8221;1_2&#8243; _builder_version=&#8221;4.16&#8243; _module_preset=&#8221;default&#8221; global_colors_info=&#8221;{}&#8221;][et_pb_image src=&#8221;https:\/\/www.imep.pro\/wordpress\/wp-content\/uploads\/2016\/01\/string_summer_workshop2.jpg&#8221; title_text=&#8221;string_summer_workshop2&#8243; _builder_version=&#8221;4.17.4&#8243; _module_preset=&#8221;default&#8221; global_colors_info=&#8221;{}&#8221;][\/et_pb_image][\/et_pb_column][\/et_pb_row][\/et_pb_section][et_pb_section fb_built=&#8221;1&#8243; fullwidth=&#8221;on&#8221; _builder_version=&#8221;4.17.4&#8243; _module_preset=&#8221;default&#8221; background_color=&#8221;rgba(0,0,0,0.4)&#8221; background_image=&#8221;https:\/\/www.imep.pro\/wordpress\/wp-content\/uploads\/2022\/07\/banner_voussouhaitezvousincrire_imep2022_newwebsite.jpg&#8221; background_blend=&#8221;darken&#8221; saved_tabs=&#8221;all&#8221; global_colors_info=&#8221;{}&#8221;][et_pb_fullwidth_header title=&#8221;Would you like to study at IMEP?&#8221; text_orientation=&#8221;center&#8221; button_one_text=&#8221;Audition&#8221; button_one_url=&#8221;https:\/\/www.imep.pro\/en\/audition-2\/&#8221; button_two_text=&#8221;contact&#8221; button_two_url=&#8221;https:\/\/www.imep.pro\/en\/contact\/&#8221; _builder_version=&#8221;4.17.4&#8243; _module_preset=&#8221;default&#8221; title_font=&#8221;|300||on|||||&#8221; title_text_align=&#8221;center&#8221; title_text_color=&#8221;#FFFFFF&#8221; title_font_size=&#8221;45px&#8221; background_enable_color=&#8221;off&#8221; custom_button_one=&#8221;on&#8221; button_one_text_color=&#8221;#FFFFFF&#8221; button_one_bg_color=&#8221;RGBA(255,255,255,0)&#8221; button_one_border_color=&#8221;#EE7F00&#8243; button_one_font=&#8221;|300|||||||&#8221; button_one_icon=&#8221;&#x35;||divi||400&#8243; button_one_custom_padding=&#8221;0px||0px||false|false&#8221; custom_button_two=&#8221;on&#8221; button_two_text_color=&#8221;#ee7f00&#8243; button_two_bg_color=&#8221;#FFFFFF&#8221; button_two_border_color=&#8221;#FFFFFF&#8221; button_two_font=&#8221;|300|||||||&#8221; button_two_icon=&#8221;&#x35;||divi||400&#8243; button_two_custom_padding=&#8221;0px||0px||false|false&#8221; custom_padding=&#8221;140px||140px|||&#8221; title_font_size_tablet=&#8221;28px&#8221; title_font_size_phone=&#8221;24px&#8221; title_font_size_last_edited=&#8221;off|desktop&#8221; global_colors_info=&#8221;{}&#8221; button_two_border_color__hover_enabled=&#8221;on|hover&#8221; button_two_border_color__hover=&#8221;#FFFFFF&#8221; button_two_text_color__hover_enabled=&#8221;off|desktop&#8221; button_two_text_color__hover=&#8221;#EE7F00&#8243;][\/et_pb_fullwidth_header][\/et_pb_section]<\/p>\n","protected":false},"excerpt":{"rendered":"<p>EXTRA CURRICULUM AND SUMMER COURSES String Summer Workshop Every year in July, IMEP &#8211; Paris College of Music organises a course for all string instruments: guitar, bass, double bass, violin, [&hellip;]<\/p>\n","protected":false},"author":5,"featured_media":247665,"parent":249692,"menu_order":0,"comment_status":"closed","ping_status":"closed","template":"","meta":{"_et_pb_use_builder":"on","_et_pb_old_content":"","_et_gb_content_width":"","footnotes":""},"dipi_cpt_category":[],"class_list":["post-249706","page","type-page","status-publish","has-post-thumbnail","hentry"],"yoast_head":"<!-- This site is optimized with the Yoast SEO plugin v27.4 - https:\/\/yoast.com\/product\/yoast-seo-wordpress\/ -->\n<title>String Summer workshop - IMEP<\/title>\n<meta name=\"robots\" content=\"index, follow, max-snippet:-1, max-image-preview:large, max-video-preview:-1\" \/>\n<link rel=\"canonical\" href=\"https:\/\/www.imep.pro\/en\/extra-curriculum-and-summer-courses\/string-summer-workshop\/\" \/>\n<meta property=\"og:locale\" content=\"en_US\" \/>\n<meta property=\"og:type\" content=\"article\" \/>\n<meta property=\"og:title\" content=\"String Summer workshop - IMEP\" \/>\n<meta property=\"og:url\" content=\"https:\/\/www.imep.pro\/en\/extra-curriculum-and-summer-courses\/string-summer-workshop\/\" \/>\n<meta property=\"og:site_name\" content=\"IMEP\" \/>\n<meta property=\"article:publisher\" content=\"http:\/\/www.facebook.com\/imep.pro\" \/>\n<meta property=\"article:modified_time\" content=\"2025-12-03T12:23:40+00:00\" \/>\n<meta property=\"og:image\" content=\"https:\/\/www.imep.pro\/wordpress\/wp-content\/uploads\/2016\/01\/5_Berklee-College-of-Music_Mercedes-Herran-1024x639-1.jpg\" \/>\n\t<meta property=\"og:image:width\" content=\"1920\" \/>\n\t<meta property=\"og:image:height\" content=\"1198\" \/>\n\t<meta property=\"og:image:type\" content=\"image\/jpeg\" \/>\n<meta name=\"twitter:card\" content=\"summary_large_image\" \/>\n<meta name=\"twitter:site\" content=\"@imep_pro\" \/>\n<meta name=\"twitter:label1\" content=\"Est. reading time\" \/>\n\t<meta name=\"twitter:data1\" content=\"5 minutes\" \/>\n<script type=\"application\/ld+json\" class=\"yoast-schema-graph\">{\"@context\":\"https:\\\/\\\/schema.org\",\"@graph\":[{\"@type\":\"WebPage\",\"@id\":\"https:\\\/\\\/www.imep.pro\\\/en\\\/extra-curriculum-and-summer-courses\\\/string-summer-workshop\\\/\",\"url\":\"https:\\\/\\\/www.imep.pro\\\/en\\\/extra-curriculum-and-summer-courses\\\/string-summer-workshop\\\/\",\"name\":\"String Summer workshop - IMEP\",\"isPartOf\":{\"@id\":\"https:\\\/\\\/www.imep.pro\\\/#website\"},\"primaryImageOfPage\":{\"@id\":\"https:\\\/\\\/www.imep.pro\\\/en\\\/extra-curriculum-and-summer-courses\\\/string-summer-workshop\\\/#primaryimage\"},\"image\":{\"@id\":\"https:\\\/\\\/www.imep.pro\\\/en\\\/extra-curriculum-and-summer-courses\\\/string-summer-workshop\\\/#primaryimage\"},\"thumbnailUrl\":\"https:\\\/\\\/www.imep.pro\\\/wordpress\\\/wp-content\\\/uploads\\\/2016\\\/01\\\/5_Berklee-College-of-Music_Mercedes-Herran-1024x639-1.jpg\",\"datePublished\":\"2022-10-13T11:42:05+00:00\",\"dateModified\":\"2025-12-03T12:23:40+00:00\",\"breadcrumb\":{\"@id\":\"https:\\\/\\\/www.imep.pro\\\/en\\\/extra-curriculum-and-summer-courses\\\/string-summer-workshop\\\/#breadcrumb\"},\"inLanguage\":\"en-US\",\"potentialAction\":[{\"@type\":\"ReadAction\",\"target\":[\"https:\\\/\\\/www.imep.pro\\\/en\\\/extra-curriculum-and-summer-courses\\\/string-summer-workshop\\\/\"]}]},{\"@type\":\"ImageObject\",\"inLanguage\":\"en-US\",\"@id\":\"https:\\\/\\\/www.imep.pro\\\/en\\\/extra-curriculum-and-summer-courses\\\/string-summer-workshop\\\/#primaryimage\",\"url\":\"https:\\\/\\\/www.imep.pro\\\/wordpress\\\/wp-content\\\/uploads\\\/2016\\\/01\\\/5_Berklee-College-of-Music_Mercedes-Herran-1024x639-1.jpg\",\"contentUrl\":\"https:\\\/\\\/www.imep.pro\\\/wordpress\\\/wp-content\\\/uploads\\\/2016\\\/01\\\/5_Berklee-College-of-Music_Mercedes-Herran-1024x639-1.jpg\",\"width\":1920,\"height\":1198},{\"@type\":\"BreadcrumbList\",\"@id\":\"https:\\\/\\\/www.imep.pro\\\/en\\\/extra-curriculum-and-summer-courses\\\/string-summer-workshop\\\/#breadcrumb\",\"itemListElement\":[{\"@type\":\"ListItem\",\"position\":1,\"name\":\"Accueil\",\"item\":\"https:\\\/\\\/www.imep.pro\\\/en\\\/music-school-paris\\\/\"},{\"@type\":\"ListItem\",\"position\":2,\"name\":\"Extra curriculum and summer courses\",\"item\":\"https:\\\/\\\/www.imep.pro\\\/en\\\/extra-curriculum-and-summer-courses\\\/\"},{\"@type\":\"ListItem\",\"position\":3,\"name\":\"String Summer workshop\"}]},{\"@type\":\"WebSite\",\"@id\":\"https:\\\/\\\/www.imep.pro\\\/#website\",\"url\":\"https:\\\/\\\/www.imep.pro\\\/\",\"name\":\"IMEP\",\"description\":\"\u266a Paris College of music \u266a\",\"publisher\":{\"@id\":\"https:\\\/\\\/www.imep.pro\\\/#organization\"},\"potentialAction\":[{\"@type\":\"SearchAction\",\"target\":{\"@type\":\"EntryPoint\",\"urlTemplate\":\"https:\\\/\\\/www.imep.pro\\\/?s={search_term_string}\"},\"query-input\":{\"@type\":\"PropertyValueSpecification\",\"valueRequired\":true,\"valueName\":\"search_term_string\"}}],\"inLanguage\":\"en-US\"},{\"@type\":\"Organization\",\"@id\":\"https:\\\/\\\/www.imep.pro\\\/#organization\",\"name\":\"IMEP Paris College of Music\",\"url\":\"https:\\\/\\\/www.imep.pro\\\/\",\"logo\":{\"@type\":\"ImageObject\",\"inLanguage\":\"en-US\",\"@id\":\"https:\\\/\\\/www.imep.pro\\\/#\\\/schema\\\/logo\\\/image\\\/\",\"url\":\"https:\\\/\\\/www.imep.pro\\\/wordpress\\\/wp-content\\\/uploads\\\/2016\\\/02\\\/cropped-imep_logo_original-favicon.png\",\"contentUrl\":\"https:\\\/\\\/www.imep.pro\\\/wordpress\\\/wp-content\\\/uploads\\\/2016\\\/02\\\/cropped-imep_logo_original-favicon.png\",\"width\":512,\"height\":512,\"caption\":\"IMEP Paris College of Music\"},\"image\":{\"@id\":\"https:\\\/\\\/www.imep.pro\\\/#\\\/schema\\\/logo\\\/image\\\/\"},\"sameAs\":[\"http:\\\/\\\/www.facebook.com\\\/imep.pro\",\"https:\\\/\\\/x.com\\\/imep_pro\",\"https:\\\/\\\/www.instagram.com\\\/imepparis\\\/\",\"https:\\\/\\\/www.linkedin.com\\\/company\\\/imep-paris-college-of-music\\\/\",\"https:\\\/\\\/www.youtube.com\\\/user\\\/imusicparis\"]}]}<\/script>\n<!-- \/ Yoast SEO plugin. -->","yoast_head_json":{"title":"String Summer workshop - IMEP","robots":{"index":"index","follow":"follow","max-snippet":"max-snippet:-1","max-image-preview":"max-image-preview:large","max-video-preview":"max-video-preview:-1"},"canonical":"https:\/\/www.imep.pro\/en\/extra-curriculum-and-summer-courses\/string-summer-workshop\/","og_locale":"en_US","og_type":"article","og_title":"String Summer workshop - IMEP","og_url":"https:\/\/www.imep.pro\/en\/extra-curriculum-and-summer-courses\/string-summer-workshop\/","og_site_name":"IMEP","article_publisher":"http:\/\/www.facebook.com\/imep.pro","article_modified_time":"2025-12-03T12:23:40+00:00","og_image":[{"width":1920,"height":1198,"url":"https:\/\/www.imep.pro\/wordpress\/wp-content\/uploads\/2016\/01\/5_Berklee-College-of-Music_Mercedes-Herran-1024x639-1.jpg","type":"image\/jpeg"}],"twitter_card":"summary_large_image","twitter_site":"@imep_pro","twitter_misc":{"Est. reading time":"5 minutes"},"schema":{"@context":"https:\/\/schema.org","@graph":[{"@type":"WebPage","@id":"https:\/\/www.imep.pro\/en\/extra-curriculum-and-summer-courses\/string-summer-workshop\/","url":"https:\/\/www.imep.pro\/en\/extra-curriculum-and-summer-courses\/string-summer-workshop\/","name":"String Summer workshop - IMEP","isPartOf":{"@id":"https:\/\/www.imep.pro\/#website"},"primaryImageOfPage":{"@id":"https:\/\/www.imep.pro\/en\/extra-curriculum-and-summer-courses\/string-summer-workshop\/#primaryimage"},"image":{"@id":"https:\/\/www.imep.pro\/en\/extra-curriculum-and-summer-courses\/string-summer-workshop\/#primaryimage"},"thumbnailUrl":"https:\/\/www.imep.pro\/wordpress\/wp-content\/uploads\/2016\/01\/5_Berklee-College-of-Music_Mercedes-Herran-1024x639-1.jpg","datePublished":"2022-10-13T11:42:05+00:00","dateModified":"2025-12-03T12:23:40+00:00","breadcrumb":{"@id":"https:\/\/www.imep.pro\/en\/extra-curriculum-and-summer-courses\/string-summer-workshop\/#breadcrumb"},"inLanguage":"en-US","potentialAction":[{"@type":"ReadAction","target":["https:\/\/www.imep.pro\/en\/extra-curriculum-and-summer-courses\/string-summer-workshop\/"]}]},{"@type":"ImageObject","inLanguage":"en-US","@id":"https:\/\/www.imep.pro\/en\/extra-curriculum-and-summer-courses\/string-summer-workshop\/#primaryimage","url":"https:\/\/www.imep.pro\/wordpress\/wp-content\/uploads\/2016\/01\/5_Berklee-College-of-Music_Mercedes-Herran-1024x639-1.jpg","contentUrl":"https:\/\/www.imep.pro\/wordpress\/wp-content\/uploads\/2016\/01\/5_Berklee-College-of-Music_Mercedes-Herran-1024x639-1.jpg","width":1920,"height":1198},{"@type":"BreadcrumbList","@id":"https:\/\/www.imep.pro\/en\/extra-curriculum-and-summer-courses\/string-summer-workshop\/#breadcrumb","itemListElement":[{"@type":"ListItem","position":1,"name":"Accueil","item":"https:\/\/www.imep.pro\/en\/music-school-paris\/"},{"@type":"ListItem","position":2,"name":"Extra curriculum and summer courses","item":"https:\/\/www.imep.pro\/en\/extra-curriculum-and-summer-courses\/"},{"@type":"ListItem","position":3,"name":"String Summer workshop"}]},{"@type":"WebSite","@id":"https:\/\/www.imep.pro\/#website","url":"https:\/\/www.imep.pro\/","name":"IMEP","description":"\u266a Paris College of music \u266a","publisher":{"@id":"https:\/\/www.imep.pro\/#organization"},"potentialAction":[{"@type":"SearchAction","target":{"@type":"EntryPoint","urlTemplate":"https:\/\/www.imep.pro\/?s={search_term_string}"},"query-input":{"@type":"PropertyValueSpecification","valueRequired":true,"valueName":"search_term_string"}}],"inLanguage":"en-US"},{"@type":"Organization","@id":"https:\/\/www.imep.pro\/#organization","name":"IMEP Paris College of Music","url":"https:\/\/www.imep.pro\/","logo":{"@type":"ImageObject","inLanguage":"en-US","@id":"https:\/\/www.imep.pro\/#\/schema\/logo\/image\/","url":"https:\/\/www.imep.pro\/wordpress\/wp-content\/uploads\/2016\/02\/cropped-imep_logo_original-favicon.png","contentUrl":"https:\/\/www.imep.pro\/wordpress\/wp-content\/uploads\/2016\/02\/cropped-imep_logo_original-favicon.png","width":512,"height":512,"caption":"IMEP Paris College of Music"},"image":{"@id":"https:\/\/www.imep.pro\/#\/schema\/logo\/image\/"},"sameAs":["http:\/\/www.facebook.com\/imep.pro","https:\/\/x.com\/imep_pro","https:\/\/www.instagram.com\/imepparis\/","https:\/\/www.linkedin.com\/company\/imep-paris-college-of-music\/","https:\/\/www.youtube.com\/user\/imusicparis"]}]}},"_links":{"self":[{"href":"https:\/\/www.imep.pro\/en\/wp-json\/wp\/v2\/pages\/249706","targetHints":{"allow":["GET"]}}],"collection":[{"href":"https:\/\/www.imep.pro\/en\/wp-json\/wp\/v2\/pages"}],"about":[{"href":"https:\/\/www.imep.pro\/en\/wp-json\/wp\/v2\/types\/page"}],"author":[{"embeddable":true,"href":"https:\/\/www.imep.pro\/en\/wp-json\/wp\/v2\/users\/5"}],"replies":[{"embeddable":true,"href":"https:\/\/www.imep.pro\/en\/wp-json\/wp\/v2\/comments?post=249706"}],"version-history":[{"count":28,"href":"https:\/\/www.imep.pro\/en\/wp-json\/wp\/v2\/pages\/249706\/revisions"}],"predecessor-version":[{"id":261590,"href":"https:\/\/www.imep.pro\/en\/wp-json\/wp\/v2\/pages\/249706\/revisions\/261590"}],"up":[{"embeddable":true,"href":"https:\/\/www.imep.pro\/en\/wp-json\/wp\/v2\/pages\/249692"}],"wp:featuredmedia":[{"embeddable":true,"href":"https:\/\/www.imep.pro\/en\/wp-json\/wp\/v2\/media\/247665"}],"wp:attachment":[{"href":"https:\/\/www.imep.pro\/en\/wp-json\/wp\/v2\/media?parent=249706"}],"wp:term":[{"taxonomy":"dipi_cpt_category","embeddable":true,"href":"https:\/\/www.imep.pro\/en\/wp-json\/wp\/v2\/dipi_cpt_category?post=249706"}],"curies":[{"name":"wp","href":"https:\/\/api.w.org\/{rel}","templated":true}]}}